{"id":39,"date":"2021-01-08T01:09:46","date_gmt":"2021-01-08T00:09:46","guid":{"rendered":"https:\/\/f2f.home.pl\/ToSieLeczy?page_id=39"},"modified":"2025-07-11T14:50:49","modified_gmt":"2025-07-11T12:50:49","slug":"fundacja","status":"publish","type":"page","link":"https:\/\/tosieleczy.pl\/index.php\/fundacja\/","title":{"rendered":"Fundacja"},"content":{"rendered":"\n<h2 class=\"wp-block-heading\"><a href=\"https:\/\/tosieleczy.pl\/index.php\/o-fundacji\/\">O fundacji<\/a><\/h2>\n\n\n\n<h2 class=\"wp-block-heading\"><a href=\"https:\/\/tosieleczy.pl\/index.php\/zarzad\/\">Zarz\u0105d<\/a><\/h2>\n\n\n\n<h2 class=\"wp-block-heading\"><a href=\"https:\/\/tosieleczy.pl\/index.php\/statut\/\">Statut<\/a><\/h2>\n\n\n\n<h2 class=\"wp-block-heading\"><a href=\"https:\/\/tosieleczy.pl\/index.php\/wspolpraca-2\/\">Wsp\u00f3\u0142praca<\/a><\/h2>\n\n\n\n<p><\/p>\n","protected":false},"excerpt":{"rendered":"<p>O fundacji Zarz\u0105d Statut Wsp\u00f3\u0142praca<\/p>\n","protected":false},"author":1,"featured_media":0,"parent":0,"menu_order":0,"comment_status":"closed","ping_status":"closed","template":"","meta":{"footnotes":""},"class_list":["post-39","page","type-page","status-publish","hentry"],"_links":{"self":[{"href":"https:\/\/tosieleczy.pl\/index.php\/wp-json\/wp\/v2\/pages\/39","targetHints":{"allow":["GET"]}}],"collection":[{"href":"https:\/\/tosieleczy.pl\/index.php\/wp-json\/wp\/v2\/pages"}],"about":[{"href":"https:\/\/tosieleczy.pl\/index.php\/wp-json\/wp\/v2\/types\/page"}],"author":[{"embeddable":true,"href":"https:\/\/tosieleczy.pl\/index.php\/wp-json\/wp\/v2\/users\/1"}],"replies":[{"embeddable":true,"href":"https:\/\/tosieleczy.pl\/index.php\/wp-json\/wp\/v2\/comments?post=39"}],"version-history":[{"count":6,"href":"https:\/\/tosieleczy.pl\/index.php\/wp-json\/wp\/v2\/pages\/39\/revisions"}],"predecessor-version":[{"id":1632,"href":"https:\/\/tosieleczy.pl\/index.php\/wp-json\/wp\/v2\/pages\/39\/revisions\/1632"}],"wp:attachment":[{"href":"https:\/\/tosieleczy.pl\/index.php\/wp-json\/wp\/v2\/media?parent=39"}],"curies":[{"name":"wp","href":"https:\/\/api.w.org\/{rel}","templated":true}]}}