{"id":356,"date":"2021-01-25T09:33:04","date_gmt":"2021-01-25T08:33:04","guid":{"rendered":"https:\/\/f2f.home.pl\/ToSieLeczy\/tosieleczy\/?page_id=356"},"modified":"2021-01-25T09:45:53","modified_gmt":"2021-01-25T08:45:53","slug":"bo-chce-zyc-kampania","status":"publish","type":"page","link":"https:\/\/tosieleczy.pl\/index.php\/bo-chce-zyc-kampania\/","title":{"rendered":"BO CHC\u0118 \u017bY\u0106 \u2013 kampania"},"content":{"rendered":"\n<h2 class=\"has-text-align-center wp-block-heading\">BO CHC\u0118 \u017bY\u0106 \u2013 kampania<\/h2>\n\n\n\n<div class=\"wp-block-image\"><figure class=\"aligncenter size-large\"><img loading=\"lazy\" decoding=\"async\" width=\"418\" height=\"136\" src=\"https:\/\/f2f.home.pl\/ToSieLeczy\/wp-content\/uploads\/2021\/01\/obraz-20.png\" alt=\"\" class=\"wp-image-358\" srcset=\"https:\/\/tosieleczy.pl\/wp-content\/uploads\/2021\/01\/obraz-20.png 418w, https:\/\/tosieleczy.pl\/wp-content\/uploads\/2021\/01\/obraz-20-300x98.png 300w\" sizes=\"auto, (max-width: 418px) 100vw, 418px\" \/><\/figure><\/div>\n\n\n\n<p>Fundacja To Si\u0119 Leczy jest wsp\u00f3\u0142organizatorem kampanii spo\u0142ecznej \u201eBadam Si\u0119 \u2013 Bo Chc\u0119 \u017by\u0107\u201d zainaugurowanej we wrze\u015bniu 2020 r.<\/p>\n\n\n\n<p>Ostatni rok to czas nieustaj\u0105cych wyzwa\u0144. Pandemia koronawirusa zmieni\u0142a to jak funkcjonujemy na co dzie\u0144, od ca\u0142kowitego \u201elockdownu\u201d, po now\u0105 normalno\u015b\u0107, w kt\u00f3rej stosowane obostrze\u0144 sanitarnych i dystansu spo\u0142ecznego staje si\u0119 nawykiem, stylem \u017cycia. Solidarni, bezpieczni, ale czy na pewno zdrowi?<\/p>\n\n\n\n<div class=\"wp-block-image\"><figure class=\"aligncenter size-large\"><img loading=\"lazy\" decoding=\"async\" width=\"605\" height=\"279\" src=\"https:\/\/f2f.home.pl\/ToSieLeczy\/wp-content\/uploads\/2021\/01\/obraz-21.png\" alt=\"\" class=\"wp-image-361\" srcset=\"https:\/\/tosieleczy.pl\/wp-content\/uploads\/2021\/01\/obraz-21.png 605w, https:\/\/tosieleczy.pl\/wp-content\/uploads\/2021\/01\/obraz-21-300x138.png 300w\" sizes=\"auto, (max-width: 605px) 100vw, 605px\" \/><\/figure><\/div>\n\n\n\n<p>Ostatnie miesi\u0105ce\u2026 to tak\u017ce alarmuj\u0105cy spadek wykonywanych bada\u0144 profilaktycznych, diagnostycznych, wizyt kontrolnych \u2013 og\u00f3lnie rzecz ujmuj\u0105c kontakt\u00f3w ze s\u0142u\u017cb\u0105 zdrowia.<\/p>\n\n\n\n<p>Powod\u00f3w takiego stanu jest kilka, najwa\u017cniejsze z nich to strach przed zaka\u017ceniem Covid-19 i odk\u0142adanie wizyty na tzw. \u201ep\u00f3\u017aniej\u201d oraz utrudniony dost\u0119p do opieki medycznej (np. ograniczenia w dzia\u0142alno\u015bci plac\u00f3wek medycznych, odwo\u0142anie wizyt stacjonarnych, trudno\u015bci w dodzwonieniem si\u0119 do plac\u00f3wki lub brak wolnych termin\u00f3w).<\/p>\n\n\n\n<p>W efekcie\u2026 mamy do czynienia z narastaj\u0105c\u0105 epidemi\u0105 chor\u00f3b przewlek\u0142ych, sercowo-naczyniowych, nowotwor\u00f3w, chor\u00f3b neurologicznych czy reumatologicznych. Wi\u0119kszo\u015b\u0107 z nich mo\u017cna wcze\u015bnie wykry\u0107 i skutecznie leczy\u0107 \u2013 warunek jest jeden \u2013 trzeba je zdiagnozowa\u0107 i monitorowa\u0107.<\/p>\n\n\n\n<p>Dlatego\u2026 z inicjatywy i potrzeby spo\u0142ecznej przy wsp\u00f3\u0142pracy z towarzystwami naukowymi, ekspertami, pacjentami oraz ambasadorami zainaugurowali\u015bmy og\u00f3lnopolsk\u0105 kampani\u0119 spo\u0142eczn\u0105 \u201eBadam Si\u0119! #BoChc\u0119\u017by\u0107\u201d.<\/p>\n\n\n\n<p class=\"has-text-align-center\"><strong>Cele kampanii:<\/strong><\/p>\n\n\n\n<ul class=\"wp-block-list\"><li>Zwi\u0119kszenie uczestnictwa w badaniach profilaktycznych i diagnostycznych oraz niezb\u0119dnych konsultacjach medycznych w\u015br\u00f3d polskiego spo\u0142ecze\u0144stwa tj. morfologia, EKG, mammografia, USG i in.;<\/li><li>Poprawa wczesnej wykrywalno\u015bci chor\u00f3b cywilizacyjnych oraz mo\u017cliwo\u015bci skutecznego leczenia;<\/li><li>Wywieranie oddolnego wp\u0142ywu na system ochrony zdrowia w celu wi\u0119kszej dost\u0119pno\u015bci i poprawy funkcjonowania i dost\u0119pno\u015bci plac\u00f3wek medycznych;<\/li><li>Poprawa stanu zdrowia Polak\u00f3w.<\/li><\/ul>\n\n\n\n<div class=\"wp-block-image\"><figure class=\"aligncenter size-large\"><img loading=\"lazy\" decoding=\"async\" width=\"605\" height=\"284\" src=\"https:\/\/f2f.home.pl\/ToSieLeczy\/wp-content\/uploads\/2021\/01\/obraz-22.png\" alt=\"\" class=\"wp-image-362\" srcset=\"https:\/\/tosieleczy.pl\/wp-content\/uploads\/2021\/01\/obraz-22.png 605w, https:\/\/tosieleczy.pl\/wp-content\/uploads\/2021\/01\/obraz-22-300x141.png 300w\" sizes=\"auto, (max-width: 605px) 100vw, 605px\" \/><\/figure><\/div>\n\n\n\n<p class=\"has-text-align-center\"><strong>Facebook kampanii:<\/strong><\/p>\n\n\n\n<p class=\"has-text-align-center\"><a href=\"https:\/\/www.facebook.com\/BoChceZyc\">https:\/\/www.facebook.com\/BoChceZyc<\/a><\/p>\n\n\n\n<p class=\"has-text-align-center\"><strong>Instagram kampanii:<\/strong><\/p>\n\n\n\n<p class=\"has-text-align-center\"><a href=\"https:\/\/www.instagram.com\/bochcezyc\/\">https:\/\/www.instagram.com\/bochcezyc\/<\/a><\/p>\n\n\n\n<p class=\"has-text-align-center\"><strong>Jest wiele\u2026 powod\u00f3w by \u017cy\u0107, by by\u0107 zdrowym, w\u0142\u0105cz si\u0119 do akcji \u201eBadam Si\u0119! #BoChc\u0119\u017by\u0107\u201d!<\/strong><\/p>\n\n\n\n<p class=\"has-text-align-center\"><strong><a href=\"https:\/\/bochcezyc.pl\/\">OFICJALNA STRONA KAMPANII \u2013 ZOBACZ<\/a><\/strong><\/p>\n","protected":false},"excerpt":{"rendered":"<p>BO CHC\u0118 \u017bY\u0106 \u2013 kampania Fundacja To Si\u0119 Leczy jest wsp\u00f3\u0142organizatorem kampanii spo\u0142ecznej \u201eBadam Si\u0119 \u2013 Bo Chc\u0119 \u017by\u0107\u201d zainaugurowanej we wrze\u015bniu 2020 r. Ostatni&hellip;<\/p>\n","protected":false},"author":1,"featured_media":0,"parent":0,"menu_order":0,"comment_status":"closed","ping_status":"closed","template":"","meta":{"footnotes":""},"class_list":["post-356","page","type-page","status-publish","hentry"],"_links":{"self":[{"href":"https:\/\/tosieleczy.pl\/index.php\/wp-json\/wp\/v2\/pages\/356","targetHints":{"allow":["GET"]}}],"collection":[{"href":"https:\/\/tosieleczy.pl\/index.php\/wp-json\/wp\/v2\/pages"}],"about":[{"href":"https:\/\/tosieleczy.pl\/index.php\/wp-json\/wp\/v2\/types\/page"}],"author":[{"embeddable":true,"href":"https:\/\/tosieleczy.pl\/index.php\/wp-json\/wp\/v2\/users\/1"}],"replies":[{"embeddable":true,"href":"https:\/\/tosieleczy.pl\/index.php\/wp-json\/wp\/v2\/comments?post=356"}],"version-history":[{"count":4,"href":"https:\/\/tosieleczy.pl\/index.php\/wp-json\/wp\/v2\/pages\/356\/revisions"}],"predecessor-version":[{"id":373,"href":"https:\/\/tosieleczy.pl\/index.php\/wp-json\/wp\/v2\/pages\/356\/revisions\/373"}],"wp:attachment":[{"href":"https:\/\/tosieleczy.pl\/index.php\/wp-json\/wp\/v2\/media?parent=356"}],"curies":[{"name":"wp","href":"https:\/\/api.w.org\/{rel}","templated":true}]}}