{"id":1702,"date":"2025-07-11T18:19:25","date_gmt":"2025-07-11T16:19:25","guid":{"rendered":"https:\/\/tosieleczy.pl\/?page_id=1702"},"modified":"2025-07-11T18:19:26","modified_gmt":"2025-07-11T16:19:26","slug":"raporty-i-opracowania","status":"publish","type":"page","link":"https:\/\/tosieleczy.pl\/index.php\/raporty-i-opracowania\/","title":{"rendered":"RAPORTY I OPRACOWANIA"},"content":{"rendered":"\n<p style=\"font-style:normal;font-weight:600\">Tu znajdziesz najwa\u017cniejsze raporty, ekspertyzy i podsumowania opracowane przez Fundacj\u0119 TO SI\u0118 LECZY lub we wsp\u00f3\u0142pracy z ekspertami i partnerami.<\/p>\n\n\n\n<p>Chcemy, by publikowane przez nas materia\u0142y pomaga\u0142y lepiej rozumie\u0107 system ochrony zdrowia i wspiera\u0142y m\u0105dre decyzje \u2013 zar\u00f3wno te kliniczne, jak i systemowe.<\/p>\n\n\n\n<hr class=\"wp-block-separator has-alpha-channel-opacity\"\/>\n\n\n\n<h2 class=\"wp-block-heading has-medium-font-size\" style=\"font-style:normal;font-weight:200\">Radioterapia<\/h2>\n\n\n\n<div class=\"wp-block-columns is-layout-flex wp-container-core-columns-is-layout-9d6595d7 wp-block-columns-is-layout-flex\">\n<div class=\"wp-block-column is-layout-flow wp-block-column-is-layout-flow\">\n<figure class=\"wp-block-image size-full\"><a href=\"https:\/\/tosieleczy.pl\/index.php\/2024\/04\/18\/biale-plamy-w-radioterapii-srodoperacyjnej-w-polsce-2024-suplement-do-raportu\/\"><img loading=\"lazy\" decoding=\"async\" width=\"353\" height=\"500\" src=\"https:\/\/tosieleczy.pl\/wp-content\/uploads\/2025\/05\/Biale-plamy-w-radioterapii-srooperacyjnej.png\" alt=\"\" class=\"wp-image-1544\" srcset=\"https:\/\/tosieleczy.pl\/wp-content\/uploads\/2025\/05\/Biale-plamy-w-radioterapii-srooperacyjnej.png 353w, https:\/\/tosieleczy.pl\/wp-content\/uploads\/2025\/05\/Biale-plamy-w-radioterapii-srooperacyjnej-212x300.png 212w\" sizes=\"auto, (max-width: 353px) 100vw, 353px\" \/><\/a><\/figure>\n<\/div>\n\n\n\n<div class=\"wp-block-column is-layout-flow wp-block-column-is-layout-flow\">\n<figure class=\"wp-block-image size-full\"><a href=\"https:\/\/tosieleczy.pl\/index.php\/2022\/12\/16\/premiera-raportu-radioterapia-srodoperacyjna-perspektywa-kliniczna-pacjencka-i-systemowa-przeczytaj\/\"><img loading=\"lazy\" decoding=\"async\" width=\"348\" height=\"500\" src=\"https:\/\/tosieleczy.pl\/wp-content\/uploads\/2025\/05\/radio-okladka.png\" alt=\"\" class=\"wp-image-1545\" srcset=\"https:\/\/tosieleczy.pl\/wp-content\/uploads\/2025\/05\/radio-okladka.png 348w, https:\/\/tosieleczy.pl\/wp-content\/uploads\/2025\/05\/radio-okladka-209x300.png 209w\" sizes=\"auto, (max-width: 348px) 100vw, 348px\" \/><\/a><\/figure>\n<\/div>\n\n\n\n<div class=\"wp-block-column is-layout-flow wp-block-column-is-layout-flow\"><\/div>\n<\/div>\n\n\n\n<h2 class=\"wp-block-heading has-medium-font-size\" style=\"font-style:normal;font-weight:200\">Rak p\u0142uca<\/h2>\n\n\n\n<div class=\"wp-block-columns is-layout-flex wp-container-core-columns-is-layout-9d6595d7 wp-block-columns-is-layout-flex\">\n<div class=\"wp-block-column is-layout-flow wp-block-column-is-layout-flow\">\n<figure class=\"wp-block-image size-full\"><a href=\"https:\/\/tosieleczy.pl\/index.php\/2022\/02\/04\/opinie-pacjentow-nt-opieki-i-leczenia-raka-pluca-w-polsce-premiera-raportu\/\"><img loading=\"lazy\" decoding=\"async\" width=\"353\" height=\"500\" src=\"https:\/\/tosieleczy.pl\/wp-content\/uploads\/2025\/05\/premikera-raportu.png\" alt=\"\" class=\"wp-image-1547\" srcset=\"https:\/\/tosieleczy.pl\/wp-content\/uploads\/2025\/05\/premikera-raportu.png 353w, https:\/\/tosieleczy.pl\/wp-content\/uploads\/2025\/05\/premikera-raportu-212x300.png 212w\" sizes=\"auto, (max-width: 353px) 100vw, 353px\" \/><\/a><\/figure>\n<\/div>\n\n\n\n<div class=\"wp-block-column is-layout-flow wp-block-column-is-layout-flow\">\n<figure class=\"wp-block-image size-full\"><a href=\"https:\/\/tosieleczy.pl\/index.php\/2022\/05\/31\/palenie-a-stygmatyzacja-pacjentow-z-rakiem-pluca-premiera-raportu-z-wynikami-badania-ankietowego-wsrod-pacjentow-31-05-22\/\"><img loading=\"lazy\" decoding=\"async\" width=\"361\" height=\"500\" src=\"https:\/\/tosieleczy.pl\/wp-content\/uploads\/2025\/05\/Palenie-a-stygmatyzacja.png\" alt=\"\" class=\"wp-image-1548\" srcset=\"https:\/\/tosieleczy.pl\/wp-content\/uploads\/2025\/05\/Palenie-a-stygmatyzacja.png 361w, https:\/\/tosieleczy.pl\/wp-content\/uploads\/2025\/05\/Palenie-a-stygmatyzacja-217x300.png 217w\" sizes=\"auto, (max-width: 361px) 100vw, 361px\" \/><\/a><\/figure>\n<\/div>\n\n\n\n<div class=\"wp-block-column is-layout-flow wp-block-column-is-layout-flow\"><\/div>\n<\/div>\n\n\n\n<h2 class=\"wp-block-heading has-medium-font-size\" style=\"font-style:normal;font-weight:200\">Palenie tytoniu<\/h2>\n\n\n\n<div class=\"wp-block-columns is-layout-flex wp-container-core-columns-is-layout-9d6595d7 wp-block-columns-is-layout-flex\">\n<div class=\"wp-block-column is-layout-flow wp-block-column-is-layout-flow\">\n<figure class=\"wp-block-image size-full\"><a href=\"https:\/\/tosieleczy.pl\/index.php\/2024\/05\/28\/problem-palenia-tytoniu-pacjentow-onkologicznych-i-kardiologicznych-wynika-badania-ankietowego-edycja-2024\/\"><img loading=\"lazy\" decoding=\"async\" width=\"353\" height=\"500\" src=\"https:\/\/tosieleczy.pl\/wp-content\/uploads\/2025\/05\/Raport-Problem-palenia-wsrod-pacjentow-300523.pdf-1-1086x1536-1.png\" alt=\"\" class=\"wp-image-1549\" srcset=\"https:\/\/tosieleczy.pl\/wp-content\/uploads\/2025\/05\/Raport-Problem-palenia-wsrod-pacjentow-300523.pdf-1-1086x1536-1.png 353w, https:\/\/tosieleczy.pl\/wp-content\/uploads\/2025\/05\/Raport-Problem-palenia-wsrod-pacjentow-300523.pdf-1-1086x1536-1-212x300.png 212w\" sizes=\"auto, (max-width: 353px) 100vw, 353px\" \/><\/a><\/figure>\n<\/div>\n\n\n\n<div class=\"wp-block-column is-layout-flow wp-block-column-is-layout-flow\">\n<figure class=\"wp-block-image size-full\"><a href=\"https:\/\/tosieleczy.pl\/index.php\/2023\/05\/30\/premiera-raportu-problem-palenia-tytoniu-wsrod-pacjentow-onkologicznych-i-kardiologicznych-jak-im-pomoc-30-05-2023\/\"><img loading=\"lazy\" decoding=\"async\" width=\"353\" height=\"500\" src=\"https:\/\/tosieleczy.pl\/wp-content\/uploads\/2025\/05\/raport-PALENIE-23-290523-01-1086x1536-1.png\" alt=\"\" class=\"wp-image-1550\" srcset=\"https:\/\/tosieleczy.pl\/wp-content\/uploads\/2025\/05\/raport-PALENIE-23-290523-01-1086x1536-1.png 353w, https:\/\/tosieleczy.pl\/wp-content\/uploads\/2025\/05\/raport-PALENIE-23-290523-01-1086x1536-1-212x300.png 212w\" sizes=\"auto, (max-width: 353px) 100vw, 353px\" \/><\/a><\/figure>\n<\/div>\n\n\n\n<div class=\"wp-block-column is-layout-flow wp-block-column-is-layout-flow\"><\/div>\n<\/div>\n","protected":false},"excerpt":{"rendered":"<p>Tu znajdziesz najwa\u017cniejsze raporty, ekspertyzy i podsumowania opracowane przez Fundacj\u0119 TO SI\u0118 LECZY lub we wsp\u00f3\u0142pracy z ekspertami i partnerami. Chcemy, by publikowane przez nas&hellip;<\/p>\n","protected":false},"author":1,"featured_media":0,"parent":0,"menu_order":0,"comment_status":"closed","ping_status":"closed","template":"","meta":{"footnotes":""},"class_list":["post-1702","page","type-page","status-publish","hentry"],"_links":{"self":[{"href":"https:\/\/tosieleczy.pl\/index.php\/wp-json\/wp\/v2\/pages\/1702","targetHints":{"allow":["GET"]}}],"collection":[{"href":"https:\/\/tosieleczy.pl\/index.php\/wp-json\/wp\/v2\/pages"}],"about":[{"href":"https:\/\/tosieleczy.pl\/index.php\/wp-json\/wp\/v2\/types\/page"}],"author":[{"embeddable":true,"href":"https:\/\/tosieleczy.pl\/index.php\/wp-json\/wp\/v2\/users\/1"}],"replies":[{"embeddable":true,"href":"https:\/\/tosieleczy.pl\/index.php\/wp-json\/wp\/v2\/comments?post=1702"}],"version-history":[{"count":1,"href":"https:\/\/tosieleczy.pl\/index.php\/wp-json\/wp\/v2\/pages\/1702\/revisions"}],"predecessor-version":[{"id":1703,"href":"https:\/\/tosieleczy.pl\/index.php\/wp-json\/wp\/v2\/pages\/1702\/revisions\/1703"}],"wp:attachment":[{"href":"https:\/\/tosieleczy.pl\/index.php\/wp-json\/wp\/v2\/media?parent=1702"}],"curies":[{"name":"wp","href":"https:\/\/api.w.org\/{rel}","templated":true}]}}